{"id":1345,"date":"2013-12-03T06:16:44","date_gmt":"2013-12-03T08:16:44","guid":{"rendered":"http:\/\/wpexplorer-demos.com\/?page_id=1345"},"modified":"2021-05-25T11:08:37","modified_gmt":"2021-05-25T14:08:37","slug":"contato","status":"publish","type":"page","link":"https:\/\/www.shift.inf.br\/v1\/contato\/","title":{"rendered":"CONTATO"},"content":{"rendered":"[vc_row full_width=&#8221;stretch_row&#8221; css=&#8221;.vc_custom_1500324112338{margin-top: 20px !important;}&#8221;][vc_column width=&#8221;1\/2&#8243;][vc_gmaps link=&#8221;#E-8_JTNDaWZyYW1lJTIwc3JjJTNEJTIyaHR0cHMlM0ElMkYlMkZ3d3cuZ29vZ2xlLmNvbSUyRm1hcHMlMkZlbWJlZCUzRnBiJTNEJTIxMW0xOCUyMTFtMTIlMjExbTMlMjExZDc4MC45MDQ1NTUxNzYwOTg5JTIxMmQtNDAuNjMxNTA4ODcwODMxOTglMjEzZC0xOS41Mzc2NTIwOTkxNzY1NSUyMTJtMyUyMTFmMCUyMTJmMCUyMTNmMCUyMTNtMiUyMTFpMTAyNCUyMTJpNzY4JTIxNGYxMy4xJTIxM20zJTIxMW0yJTIxMXMweGI3YTgyNjQwNmI2YTc3JTI1M0EweGE5ZWYwOTJmZjI3Mjg3ZDklMjEyc0xhcmdvJTJCTWF1JTI1QzMlMjVBMSUyNTJDJTJCMzkwJTJCLSUyQkNlbnRybyUyNTJDJTJCQ29sYXRpbmElMkItJTJCRVMlMjUyQyUyQjI5NzAwLTIwMiUyMTVlMSUyMTNtMiUyMTFzcHQtQlIlMjEyc2JyJTIxNHYxNDk5NDI2MjIyODYzJTIyJTIwd2lkdGglM0QlMjI2MDAlMjIlMjBoZWlnaHQlM0QlMjI0NTAlMjIlMjBmcmFtZWJvcmRlciUzRCUyMjAlMjIlMjBzdHlsZSUzRCUyMmJvcmRlciUzQTAlMjIlMjBhbGxvd2Z1bGxzY3JlZW4lM0UlM0MlMkZpZnJhbWUlM0U=&#8221; size=&#8221;400&#8243; type=&#8221;m&#8221; zoom=&#8221;14&#8243; css=&#8221;.vc_custom_1500324194943{border-radius: 2px !important;}&#8221;][\/vc_column][vc_column width=&#8221;1\/2&#8243;][\/vc_column][\/vc_row][vc_row column_spacing=&#8221;40&#8243; bg_style=&#8221;stretch&#8221; css=&#8221;.vc_custom_1489893640397{padding-top: 15px !important;padding-bottom: 15px !important;}&#8221;][vc_column width=&#8221;1\/3&#8243;][vc_column_text css_animation=&#8221;fadeIn&#8221; font_family=&#8221;Open Sans&#8221; font_size=&#8221;15&#8243; font_weight=&#8221;300&#8243;]<span style=\"font-size: 18px;\"><strong><span style=\"color: #000000;\">Endere\u00e7o<\/span><\/strong><\/span><br \/>\n<span style=\"color: #333333;\">Largo Mau\u00e1, 390<\/span><br \/>\n<span style=\"color: #333333;\">Colatina, Esp\u00edrito Santo<\/span>[\/vc_column_text][\/vc_column][vc_column width=&#8221;1\/3&#8243;][vc_column_text css_animation=&#8221;fadeIn&#8221; font_family=&#8221;Open Sans&#8221; font_size=&#8221;15&#8243; font_weight=&#8221;300&#8243;]<span style=\"font-size: 18px;\"><strong><span style=\"color: #000000;\">Telefone<\/span><\/strong><\/span><br \/>\n27 3722-2205<br \/>\n27 3721-0250[\/vc_column_text][\/vc_column][vc_column width=&#8221;1\/3&#8243;][vc_column_text css_animation=&#8221;fadeIn&#8221; font_family=&#8221;Open Sans&#8221; font_size=&#8221;15&#8243; font_weight=&#8221;300&#8243;]<span style=\"font-size: 18px;\"><strong><span style=\"color: #000000;\">Email<\/span><\/strong><\/span><br \/>\ncontato@shift.inf.br[\/vc_column_text][\/vc_column][\/vc_row]\n","protected":false},"excerpt":{"rendered":"<p>[vc_row full_width=&#8221;stretch_row&#8221; css=&#8221;.vc_custom_1500324112338{margin-top: 20px !important;}&#8221;][vc_column width=&#8221;1\/2&#8243;][vc_gmaps link=&#8221;#E-8_JTNDaWZyYW1lJTIwc3JjJTNEJTIyaHR0cHMlM0ElMkYlMkZ3d3cuZ29vZ2xlLmNvbSUyRm1hcHMlMkZlbWJlZCUzRnBiJTNEJTIxMW0xOCUyMTFtMTIlMjExbTMlMjExZDc4MC45MDQ1NTUxNzYwOTg5JTIxMmQtNDAuNjMxNTA4ODcwODMxOTglMjEzZC0xOS41Mzc2NTIwOTkxNzY1NSUyMTJtMyUyMTFmMCUyMTJmMCUyMTNmMCUyMTNtMiUyMTFpMTAyNCUyMTJpNzY4JTIxNGYxMy4xJTIxM20zJTIxMW0yJTIxMXMweGI3YTgyNjQwNmI2YTc3JTI1M0EweGE5ZWYwOTJmZjI3Mjg3ZDklMjEyc0xhcmdvJTJCTWF1JTI1QzMlMjVBMSUyNTJDJTJCMzkwJTJCLSUyQkNlbnRybyUyNTJDJTJCQ29sYXRpbmElMkItJTJCRVMlMjUyQyUyQjI5NzAwLTIwMiUyMTVlMSUyMTNtMiUyMTFzcHQtQlIlMjEyc2JyJTIxNHYxNDk5NDI2MjIyODYzJTIyJTIwd2lkdGglM0QlMjI2MDAlMjIlMjBoZWlnaHQlM0QlMjI0NTAlMjIlMjBmcmFtZWJvcmRlciUzRCUyMjAlMjIlMjBzdHlsZSUzRCUyMmJvcmRlciUzQTAlMjIlMjBhbGxvd2Z1bGxzY3JlZW4lM0UlM0MlMkZpZnJhbWUlM0U=&#8221; size=&#8221;400&#8243; type=&#8221;m&#8221; zoom=&#8221;14&#8243; css=&#8221;.vc_custom_1500324194943{border-radius: 2px !important;}&#8221;][\/vc_column][vc_column width=&#8221;1\/2&#8243;][\/vc_column][\/vc_row][vc_row column_spacing=&#8221;40&#8243; bg_style=&#8221;stretch&#8221; css=&#8221;.vc_custom_1489893640397{padding-top: 15px !important;padding-bottom: 15px !important;}&#8221;][vc_column width=&#8221;1\/3&#8243;][vc_column_text css_animation=&#8221;fadeIn&#8221; font_family=&#8221;Open Sans&#8221; font_size=&#8221;15&#8243; font_weight=&#8221;300&#8243;]Endere\u00e7o Largo Mau\u00e1, 390 Colatina, Esp\u00edrito Santo[\/vc_column_text][\/vc_column][vc_column width=&#8221;1\/3&#8243;][vc_column_text css_animation=&#8221;fadeIn&#8221; font_family=&#8221;Open Sans&#8221; font_size=&#8221;15&#8243; font_weight=&#8221;300&#8243;]Telefone 27&hellip;<\/p>\n","protected":false},"author":1,"featured_media":0,"parent":0,"menu_order":0,"comment_status":"closed","ping_status":"closed","template":"","meta":{"footnotes":""},"class_list":["post-1345","page","type-page","status-publish","hentry","entry","no-media"],"_links":{"self":[{"href":"https:\/\/www.shift.inf.br\/v1\/wp-json\/wp\/v2\/pages\/1345","targetHints":{"allow":["GET"]}}],"collection":[{"href":"https:\/\/www.shift.inf.br\/v1\/wp-json\/wp\/v2\/pages"}],"about":[{"href":"https:\/\/www.shift.inf.br\/v1\/wp-json\/wp\/v2\/types\/page"}],"author":[{"embeddable":true,"href":"https:\/\/www.shift.inf.br\/v1\/wp-json\/wp\/v2\/users\/1"}],"replies":[{"embeddable":true,"href":"https:\/\/www.shift.inf.br\/v1\/wp-json\/wp\/v2\/comments?post=1345"}],"version-history":[{"count":18,"href":"https:\/\/www.shift.inf.br\/v1\/wp-json\/wp\/v2\/pages\/1345\/revisions"}],"predecessor-version":[{"id":5647,"href":"https:\/\/www.shift.inf.br\/v1\/wp-json\/wp\/v2\/pages\/1345\/revisions\/5647"}],"wp:attachment":[{"href":"https:\/\/www.shift.inf.br\/v1\/wp-json\/wp\/v2\/media?parent=1345"}],"curies":[{"name":"wp","href":"https:\/\/api.w.org\/{rel}","templated":true}]}}