{"id":26,"date":"2017-06-23T12:47:59","date_gmt":"2017-06-23T15:47:59","guid":{"rendered":"http:\/\/www.shift.inf.br\/v1\/?page_id=26"},"modified":"2017-09-11T21:11:45","modified_gmt":"2017-09-12T00:11:45","slug":"assistencia-tecnica-geral","status":"publish","type":"page","link":"https:\/\/www.shift.inf.br\/v1\/solucoes\/assistencia-tecnica-geral\/","title":{"rendered":"ASSIST\u00caNCIA T\u00c9CNICA EM GERAL"},"content":{"rendered":"[vc_row][vc_column][vc_column_text font_family=&#8221;Open Sans&#8221; font_size=&#8221;20&#8243; font_weight=&#8221;300&#8243;]\n<p style=\"text-align: justify;\">A Shift Tecnologia e Servi\u00e7os est\u00e1 pronta para atender sua empresa nas mais diversas \u00e1reas de inform\u00e1tica e automa\u00e7\u00e3o, contamos tamb\u00e9m com assist\u00eancia em diversos tipos de equipamentos entre eles Leitores de C\u00f3digos de Barras, Nobreaks, Monitores, dentre outros.<\/p>\n[\/vc_column_text][\/vc_column][\/vc_row][vc_row][vc_column width=&#8221;1\/2&#8243;][vc_single_image css_animation=&#8221;fadeIn&#8221; image=&#8221;5365&#8243; alignment=&#8221;right&#8221;][\/vc_column][vc_column width=&#8221;1\/2&#8243;][vc_single_image css_animation=&#8221;fadeIn&#8221; image=&#8221;5364&#8243; alignment=&#8221;left&#8221;][\/vc_column][\/vc_row][vc_row][vc_column]<div class=\"vcex-module vcex-heading vcex-heading-plain vc_custom_1500289792408\" style=\"color:#0b92d0;font-family:&quot;Open Sans&quot;;font-size:28px;font-weight:600;text-align:center;\"><span class=\"vcex-heading-inner clr\">SUPORTE REMOTO<\/span><\/div><div class=\"vcex-module vcex-divider vcex-divider-solid\" style=\"border-color:#0b92d0;\"><\/div>[vc_column_text font_family=&#8221;Open Sans&#8221; font_size=&#8221;20&#8243; font_weight=&#8221;300&#8243; css=&#8221;.vc_custom_1505175057471{padding-top: 20px !important;}&#8221;]Para sua maior comodidade, a Shift fornece profissionais a sua pronta disposi\u00e7\u00e3o realizando acessos remotos, onde podemos facilmente partilhar um ambiente de trabalho ou controlar um servidor atrav\u00e9s da internet. Independentemente da sua localiza\u00e7\u00e3o geogr\u00e1fica, a Shift permite aceder com seguran\u00e7a e facilidade a um\u00a0ambiente de trabalho remoto\u00a0dentro de alguns segundos.<\/p>\n<p>Para tal, utilizamos dois dos softwares mais conceituados do mercado: o <a href=\"https:\/\/www.teamviewer.com\/pt\/\"><strong>TeamViewer<\/strong><\/a> e o <a href=\"https:\/\/anydesk.pt\/desktop-remoto\"><strong>AnyDesk<\/strong><\/a>.[\/vc_column_text][\/vc_column][\/vc_row][vc_row][vc_column width=&#8221;1\/2&#8243;]<div class=\"vcex-module vcex-icon-box clr vcex-icon-box-two  wpb_animate_when_almost_visible wpb_fadeIn fadeIn\"><img decoding=\"async\" src=\"https:\/\/www.shift.inf.br\/v1\/wp-content\/uploads\/2017\/06\/teamviewer2.png\" width=\"300\" height=\"150\" class=\"vcex-icon-box-image\" alt=\"Teamviewer2\" data-no-retina=\"\" \/><\/div><div class=\"textcenter theme-button-wrap clr\"><a href=\"https:\/\/www.teamviewer.com\/pt\/download\/windows\/\" title=\"DOWNLOAD\" class=\"vcex-button theme-button blue medium align-center animate-on-hover  wpb_animate_when_almost_visible wpb_fadeIn fadeIn\" style=\"border-radius:2px;\" data=\" \"><span class=\"theme-button-inner\"><span class=\"vcex-icon-wrap theme-button-icon-left\"><span class=\"fa fa-download\"><\/span><\/span>DOWNLOAD<\/span><\/a><\/div> [\/vc_column][vc_column width=&#8221;1\/2&#8243;]<div class=\"vcex-module vcex-icon-box clr vcex-icon-box-two  wpb_animate_when_almost_visible wpb_fadeIn fadeIn\"><img decoding=\"async\" src=\"https:\/\/www.shift.inf.br\/v1\/wp-content\/uploads\/2017\/06\/anydesk2.png\" width=\"300\" height=\"150\" class=\"vcex-icon-box-image\" alt=\"Anydesk2\" data-no-retina=\"\" \/><\/div><div class=\"textcenter theme-button-wrap clr\"><a href=\"https:\/\/anydesk.pt\/download\" title=\"DOWNLOAD\" class=\"vcex-button theme-button blue medium align-center animate-on-hover  wpb_animate_when_almost_visible wpb_fadeIn fadeIn\" style=\"border-radius:2px;\" data=\" \"><span class=\"theme-button-inner\"><span class=\"vcex-icon-wrap theme-button-icon-left\"><span class=\"fa fa-download\"><\/span><\/span>DOWNLOAD<\/span><\/a><\/div> [\/vc_column][\/vc_row][vc_row css=&#8221;.vc_custom_1500291184014{padding-top: 20px !important;}&#8221;][vc_column]<div class=\"vcex-module vcex-heading vcex-heading-plain vc_custom_1500226705889\" style=\"color:#0b92d0;font-family:&quot;Open Sans&quot;;font-size:28px;font-weight:600;text-align:center;\"><span class=\"vcex-heading-inner clr\">FALE COM A SHIFT<\/span><\/div><div class=\"vcex-module vcex-divider vcex-divider-solid\" style=\"border-color:#0b92d0;\"><\/div>[\/vc_column][\/vc_row][vc_row][vc_column width=&#8221;1\/2&#8243;]<div class=\"vcex-module vcex-icon-box clr vcex-icon-box-two  wpb_animate_when_almost_visible wpb_fadeIn fadeIn\"><img fetchpriority=\"high\" decoding=\"async\" src=\"https:\/\/www.shift.inf.br\/v1\/wp-content\/uploads\/2017\/06\/StocSnap_VK0QU10N2U-600x250.jpg\" width=\"600\" height=\"250\" class=\"vcex-icon-box-image\" alt=\"TIRE SUAS D\u00daVIDAS\" data-no-retina=\"\" \/><h2 class=\"vcex-icon-box-heading\" style=\"font-family:&quot;Open Sans&quot;;font-weight:600;color:#0a0a0a;font-size:28px;text-transform:uppercase;\">TIRE SUAS D\u00daVIDAS<\/h2><div class=\"vcex-icon-box-content clr\" style=\"color:#0a0a0a;font-size:17px;\"><p style=\"color: #666666; text-align: center;\">Para qualquer d\u00favida, solicita\u00e7\u00e3o, cr\u00edtica e informa\u00e7\u00f5es sobre os nossos servi\u00e7os, entre em contato conosco.<\/p>\n<\/div><\/div><div class=\"textcenter theme-button-wrap clr\"><a href=\"http:\/\/www.shift.inf.br\/v1\/contato\/\" title=\"ENTRE EM CONTATO\" class=\"vcex-button theme-button blue medium align-center animate-on-hover  wpb_animate_when_almost_visible wpb_fadeIn fadeIn\" style=\"border-radius:2px;\" data=\" \"><span class=\"theme-button-inner\"><span class=\"vcex-icon-wrap theme-button-icon-left\"><span class=\"fa fa-plus\"><\/span><\/span>ENTRE EM CONTATO<\/span><\/a><\/div> [\/vc_column][vc_column width=&#8221;1\/2&#8243;]<div class=\"vcex-module vcex-icon-box clr vcex-icon-box-two  wpb_animate_when_almost_visible wpb_fadeIn fadeIn\"><img loading=\"lazy\" decoding=\"async\" src=\"https:\/\/www.shift.inf.br\/v1\/wp-content\/uploads\/2017\/06\/StockSnap_3OEXFDXO6K-600x250.jpg\" width=\"600\" height=\"250\" class=\"vcex-icon-box-image\" alt=\"FA\u00c7A UM OR\u00c7AMENTO\" data-no-retina=\"\" \/><h2 class=\"vcex-icon-box-heading\" style=\"font-family:&quot;Open Sans&quot;;font-weight:600;color:#0a0a0a;font-size:28px;text-transform:uppercase;\">FA\u00c7A UM OR\u00c7AMENTO<\/h2><div class=\"vcex-icon-box-content clr\" style=\"color:#0a0a0a;font-size:17px;\"><p style=\"color: #666666; text-align: center;\">Fa\u00e7a um or\u00e7amento para alugar e gerenciar seu parque de impress\u00e3o\u00a0com a\u00a0Shift. Estamos te esperando!<\/p>\n<\/div><\/div><div class=\"textcenter theme-button-wrap clr\"><a href=\"http:\/\/www.shift.inf.br\/v1\/contato\/\" title=\"ENTRE EM CONTATO\" class=\"vcex-button theme-button blue medium align-center animate-on-hover  wpb_animate_when_almost_visible wpb_fadeIn fadeIn\" style=\"border-radius:2px;\" data=\" \"><span class=\"theme-button-inner\"><span class=\"vcex-icon-wrap theme-button-icon-left\"><span class=\"fa fa-plus\"><\/span><\/span>ENTRE EM CONTATO<\/span><\/a><\/div> [\/vc_column][\/vc_row]\n","protected":false},"excerpt":{"rendered":"<p>[vc_row][vc_column][vc_column_text font_family=&#8221;Open Sans&#8221; font_size=&#8221;20&#8243; font_weight=&#8221;300&#8243;] A Shift Tecnologia e Servi\u00e7os est\u00e1 pronta para atender sua empresa nas mais diversas \u00e1reas de inform\u00e1tica e automa\u00e7\u00e3o, contamos tamb\u00e9m com assist\u00eancia em diversos tipos de equipamentos entre eles Leitores de C\u00f3digos de Barras,&hellip;<\/p>\n","protected":false},"author":1,"featured_media":0,"parent":8,"menu_order":4,"comment_status":"closed","ping_status":"closed","template":"","meta":{"footnotes":""},"class_list":["post-26","page","type-page","status-publish","hentry","entry","no-media"],"_links":{"self":[{"href":"https:\/\/www.shift.inf.br\/v1\/wp-json\/wp\/v2\/pages\/26","targetHints":{"allow":["GET"]}}],"collection":[{"href":"https:\/\/www.shift.inf.br\/v1\/wp-json\/wp\/v2\/pages"}],"about":[{"href":"https:\/\/www.shift.inf.br\/v1\/wp-json\/wp\/v2\/types\/page"}],"author":[{"embeddable":true,"href":"https:\/\/www.shift.inf.br\/v1\/wp-json\/wp\/v2\/users\/1"}],"replies":[{"embeddable":true,"href":"https:\/\/www.shift.inf.br\/v1\/wp-json\/wp\/v2\/comments?post=26"}],"version-history":[{"count":34,"href":"https:\/\/www.shift.inf.br\/v1\/wp-json\/wp\/v2\/pages\/26\/revisions"}],"predecessor-version":[{"id":5368,"href":"https:\/\/www.shift.inf.br\/v1\/wp-json\/wp\/v2\/pages\/26\/revisions\/5368"}],"up":[{"embeddable":true,"href":"https:\/\/www.shift.inf.br\/v1\/wp-json\/wp\/v2\/pages\/8"}],"wp:attachment":[{"href":"https:\/\/www.shift.inf.br\/v1\/wp-json\/wp\/v2\/media?parent=26"}],"curies":[{"name":"wp","href":"https:\/\/api.w.org\/{rel}","templated":true}]}}