{"id":5314,"date":"2017-08-08T08:56:21","date_gmt":"2017-08-08T11:56:21","guid":{"rendered":"http:\/\/www.shift.inf.br\/v1\/?page_id=5314"},"modified":"2017-09-11T21:51:35","modified_gmt":"2017-09-12T00:51:35","slug":"venda-de-suprimentos-originais-e-compativeis","status":"publish","type":"page","link":"https:\/\/www.shift.inf.br\/v1\/solucoes\/venda-de-suprimentos-originais-e-compativeis\/","title":{"rendered":"VENDA DE SUPRIMENTOS ORIGINAIS E COMPAT\u00cdVEIS"},"content":{"rendered":"[vc_row][vc_column]<div class=\"vcex-module vcex-heading vcex-heading-bottom-border-w-color vc_custom_1504744633357\" style=\"color:#0b92d0;font-family:&quot;Open Sans&quot;;font-size:22px;font-weight:600;text-align:left;\"><span class=\"vcex-heading-inner clr\">CARTUCHOS E TONERS NOVOS E COM TECNOLOGIA AVAN\u00c7ADA<\/span><\/div>[vc_column_text font_size=&#8221;20&#8243; font_weight=&#8221;300&#8243;]Pensando sempre na satisfa\u00e7\u00e3o de nossos clientes, oferecemos cartuchos e toners de primeira linha com qualidade e acima de tudo. Nossos produtos possuem desempenho igual ou superior ao de produtos originais, pois s\u00e3o desenvolvidos com tecnologia avan\u00e7ada que garante \u00f3timos resultados em qualquer tipo de impress\u00e3o.A Shift Tecnologia e Servi\u00e7os trabalha com duas linhas de cartuchos e toners, compat\u00edveis e originais.[\/vc_column_text]<div class=\"vcex-spacing\" style=\"height:10px\"><\/div>[\/vc_column][\/vc_row][vc_row][vc_column][vc_single_image css_animation=&#8221;fadeIn&#8221; image=&#8221;5387&#8243; alignment=&#8221;center&#8221;][vc_single_image css_animation=&#8221;fadeIn&#8221; image=&#8221;5386&#8243; alignment=&#8221;center&#8221; css=&#8221;.vc_custom_1505177475216{padding-top: 30px !important;}&#8221;][\/vc_column][\/vc_row]\n","protected":false},"excerpt":{"rendered":"<p>[vc_row][vc_column][vc_column_text font_size=&#8221;20&#8243; font_weight=&#8221;300&#8243;]Pensando sempre na satisfa\u00e7\u00e3o de nossos clientes, oferecemos cartuchos e toners de primeira linha com qualidade e acima de tudo. Nossos produtos possuem desempenho igual ou superior ao de produtos originais, pois s\u00e3o desenvolvidos com tecnologia avan\u00e7ada que&hellip;<\/p>\n","protected":false},"author":1,"featured_media":0,"parent":8,"menu_order":0,"comment_status":"closed","ping_status":"closed","template":"","meta":{"footnotes":""},"class_list":["post-5314","page","type-page","status-publish","hentry","entry","no-media"],"_links":{"self":[{"href":"https:\/\/www.shift.inf.br\/v1\/wp-json\/wp\/v2\/pages\/5314","targetHints":{"allow":["GET"]}}],"collection":[{"href":"https:\/\/www.shift.inf.br\/v1\/wp-json\/wp\/v2\/pages"}],"about":[{"href":"https:\/\/www.shift.inf.br\/v1\/wp-json\/wp\/v2\/types\/page"}],"author":[{"embeddable":true,"href":"https:\/\/www.shift.inf.br\/v1\/wp-json\/wp\/v2\/users\/1"}],"replies":[{"embeddable":true,"href":"https:\/\/www.shift.inf.br\/v1\/wp-json\/wp\/v2\/comments?post=5314"}],"version-history":[{"count":9,"href":"https:\/\/www.shift.inf.br\/v1\/wp-json\/wp\/v2\/pages\/5314\/revisions"}],"predecessor-version":[{"id":5391,"href":"https:\/\/www.shift.inf.br\/v1\/wp-json\/wp\/v2\/pages\/5314\/revisions\/5391"}],"up":[{"embeddable":true,"href":"https:\/\/www.shift.inf.br\/v1\/wp-json\/wp\/v2\/pages\/8"}],"wp:attachment":[{"href":"https:\/\/www.shift.inf.br\/v1\/wp-json\/wp\/v2\/media?parent=5314"}],"curies":[{"name":"wp","href":"https:\/\/api.w.org\/{rel}","templated":true}]}}