{"id":7,"date":"2017-06-23T12:45:29","date_gmt":"2017-06-23T15:45:29","guid":{"rendered":"http:\/\/www.shift.inf.br\/v1\/?page_id=7"},"modified":"2017-09-19T16:05:35","modified_gmt":"2017-09-19T19:05:35","slug":"a-empresa","status":"publish","type":"page","link":"https:\/\/www.shift.inf.br\/v1\/a-empresa\/","title":{"rendered":"A EMPRESA"},"content":{"rendered":"[vc_row full_width=&#8221;stretch_row&#8221; css=&#8221;.vc_custom_1502848199495{margin-top: 0px !important;border-top-width: 0px !important;padding-top: 35px !important;padding-bottom: 0px !important;background-color: #f7f7f7 !important;}&#8221;][vc_column width=&#8221;2\/3&#8243; css=&#8221;.vc_custom_1498319636436{margin-bottom: 0px !important;}&#8221;]<h2 class=\"vcex-module vcex-heading vcex-heading-plain vc_custom_1502193192116\" style=\"color:#a97d49;font-family:&quot;Lora&quot;;font-size:27px;font-weight:400;text-align:center;\"><span class=\"vcex-heading-inner clr\">UMA EMPRESA COM MAIS DE 10 ANOS DE ATUA\u00c7\u00c3O NO MERCADO.<\/span><\/h2>[\/vc_column][vc_column width=&#8221;1\/3&#8243;][vc_single_image css_animation=&#8221;fadeIn&#8221; image=&#8221;5304&#8243; css=&#8221;.vc_custom_1502848035662{margin-bottom: 0px !important;}&#8221;][\/vc_column][\/vc_row][vc_row css=&#8221;.vc_custom_1498320394337{padding-top: 40px !important;}&#8221;][vc_column]<div class=\"vcex-module vcex-heading vcex-heading-plain vc_custom_1498325210726\" style=\"color:#0b92d0;font-family:&quot;Open Sans&quot;;font-size:28px;font-weight:600;text-align:center;\"><span class=\"vcex-heading-inner clr\">QUEM SOMOS<\/span><\/div><div class=\"vcex-module vcex-divider vcex-divider-solid\" style=\"border-color:#0b92d0;\"><\/div>[\/vc_column][\/vc_row][vc_row][vc_column width=&#8221;1\/2&#8243;][vc_column_text css_animation=&#8221;fadeIn&#8221; color=&#8221;#555555&#8243;]\n<p style=\"font-size: 20px; text-align: center; font-weight: 300;\">A Shift Tecnologia e Servi\u00e7os \u00e9 uma empresa que atua desde 2007 no mercado oferecendo solu\u00e7\u00f5es de automa\u00e7\u00e3o\u00a0comercial e impress\u00e3o, nas \u00e1reas de venda e assist\u00eancia t\u00e9cnica. Nosso principal objetivo \u00e9\u00a0oferecer qualidade de servi\u00e7o, trazendo ao cliente a melhor experi\u00eancia e satisfa\u00e7\u00e3o poss\u00edvel.<\/p>\n[\/vc_column_text][\/vc_column][vc_column width=&#8221;1\/2&#8243;][vc_single_image css_animation=&#8221;fadeIn&#8221; image=&#8221;4976&#8243; alignment=&#8221;center&#8221; visibility=&#8221;hidden-phone&#8221;][\/vc_column][\/vc_row][vc_row full_width=&#8221;stretch_row&#8221; css=&#8221;.vc_custom_1500226208752{padding-top: 40px !important;}&#8221;][vc_column]<div class=\"vcex-module vcex-heading vcex-heading-plain  wpb_animate_when_almost_visible wpb_fadeIn fadeIn vc_custom_1500226123146\" style=\"color:#0b92d0;font-family:&quot;Open Sans&quot;;font-size:28px;font-weight:600;text-align:center;\"><span class=\"vcex-heading-inner clr\">\u00c1REA DE ATUA\u00c7\u00c3O<\/span><\/div><div class=\"vcex-module vcex-divider vcex-divider-solid  wpb_animate_when_almost_visible wpb_fadeIn fadeIn\" style=\"border-color:#0b92d0;\"><\/div>[\/vc_column][\/vc_row][vc_row css_animation=&#8221;fadeIn&#8221; full_width=&#8221;stretch_row&#8221;][vc_column][vc_column_text css_animation=&#8221;fadeIn&#8221; color=&#8221;#555555&#8243;]\n<p style=\"font-size: 20px; text-align: center; font-weight: 300;\">A Shift oferece para loca\u00e7\u00e3o uma diversificada linha de equipamentos e produtos para sua empresa. Trabalhamos com loca\u00e7\u00e3o e assist\u00eancia t\u00e9cnica de m\u00e1quinas copiadoras, multifuncionais e impressoras, bem como manuten\u00e7\u00e3o de computadores al\u00e9m de venda de diversos suprimentos e perif\u00e9ricos para inform\u00e1tica, nas marcas mais conhecidas e reconhecidas do mercado tecnol\u00f3gico atual.<\/p>\n<p style=\"font-size: 20px; text-align: center; font-weight: 300;\">Atualmente a Shift vem se destacando tamb\u00e9m como revenda e assist\u00eancia t\u00e9cnica autorizada das marcas de automa\u00e7\u00e3o comercial mais reconhecidas do mercado brasileiro, tomando como exemplo as empresas Bematech, Daruma e Toledo do Brasil, com corpo t\u00e9cnico treinado e totalmente capacitado para atender da melhor maneira poss\u00edvel a sua empresa.<\/p>\n[\/vc_column_text][\/vc_column][\/vc_row]\n","protected":false},"excerpt":{"rendered":"<p>[vc_row full_width=&#8221;stretch_row&#8221; css=&#8221;.vc_custom_1502848199495{margin-top: 0px !important;border-top-width: 0px !important;padding-top: 35px !important;padding-bottom: 0px !important;background-color: #f7f7f7 !important;}&#8221;][vc_column width=&#8221;2\/3&#8243; css=&#8221;.vc_custom_1498319636436{margin-bottom: 0px !important;}&#8221;][\/vc_column][vc_column width=&#8221;1\/3&#8243;][vc_single_image css_animation=&#8221;fadeIn&#8221; image=&#8221;5304&#8243; css=&#8221;.vc_custom_1502848035662{margin-bottom: 0px !important;}&#8221;][\/vc_column][\/vc_row][vc_row css=&#8221;.vc_custom_1498320394337{padding-top: 40px !important;}&#8221;][vc_column][\/vc_column][\/vc_row][vc_row][vc_column width=&#8221;1\/2&#8243;][vc_column_text css_animation=&#8221;fadeIn&#8221; color=&#8221;#555555&#8243;] A Shift Tecnologia e Servi\u00e7os \u00e9 uma empresa que atua desde&hellip;<\/p>\n","protected":false},"author":1,"featured_media":0,"parent":0,"menu_order":1,"comment_status":"closed","ping_status":"closed","template":"","meta":{"footnotes":""},"class_list":["post-7","page","type-page","status-publish","hentry","entry","no-media"],"_links":{"self":[{"href":"https:\/\/www.shift.inf.br\/v1\/wp-json\/wp\/v2\/pages\/7","targetHints":{"allow":["GET"]}}],"collection":[{"href":"https:\/\/www.shift.inf.br\/v1\/wp-json\/wp\/v2\/pages"}],"about":[{"href":"https:\/\/www.shift.inf.br\/v1\/wp-json\/wp\/v2\/types\/page"}],"author":[{"embeddable":true,"href":"https:\/\/www.shift.inf.br\/v1\/wp-json\/wp\/v2\/users\/1"}],"replies":[{"embeddable":true,"href":"https:\/\/www.shift.inf.br\/v1\/wp-json\/wp\/v2\/comments?post=7"}],"version-history":[{"count":38,"href":"https:\/\/www.shift.inf.br\/v1\/wp-json\/wp\/v2\/pages\/7\/revisions"}],"predecessor-version":[{"id":5455,"href":"https:\/\/www.shift.inf.br\/v1\/wp-json\/wp\/v2\/pages\/7\/revisions\/5455"}],"wp:attachment":[{"href":"https:\/\/www.shift.inf.br\/v1\/wp-json\/wp\/v2\/media?parent=7"}],"curies":[{"name":"wp","href":"https:\/\/api.w.org\/{rel}","templated":true}]}}