{"id":9,"date":"2017-06-23T12:46:09","date_gmt":"2017-06-23T15:46:09","guid":{"rendered":"http:\/\/www.shift.inf.br\/v1\/?page_id=9"},"modified":"2018-06-06T17:17:04","modified_gmt":"2018-06-06T20:17:04","slug":"produtos","status":"publish","type":"page","link":"https:\/\/www.shift.inf.br\/v1\/produtos\/","title":{"rendered":"PRODUTOS"},"content":{"rendered":"[vc_row 0=&#8221;&#8221;][vc_column 0=&#8221;&#8221;]<div class=\"vcex-module vcex-heading vcex-heading-plain vc_custom_1500261087445\" style=\"color:#0b92d0;font-family:&quot;Open Sans&quot;;font-size:28px;font-weight:600;text-align:center;\"><span class=\"vcex-heading-inner clr\">CONHE\u00c7A NOSSOS PRODUTOS<\/span><\/div><div class=\"vcex-module vcex-divider vcex-divider-solid\" style=\"width:150px;border-color:#0b92d0;\"><\/div>[\/vc_column][\/vc_row][vc_row][vc_column width=&#8221;2\/3&#8243;]<h3 class=\"vcex-module vcex-heading vcex-heading-bottom-border-w-color vc_custom_1502848624873\" style=\"font-family:&quot;Open Sans&quot;;font-weight:600;text-align:left;\"><span class=\"vcex-heading-inner clr\">Balan\u00e7as Comerciais<\/span><\/h3>[vc_column_text font_family=&#8221;Open Sans&#8221; font_size=&#8221;15&#8243;]A gama de impressoras de etiqueta \u00e9 composta pelas impressoras de alto desempenho e fiabilidade. Temos v\u00e1rios tipos e modelos, com diferentes larguras de impress\u00e3o m\u00e1xima, velocidade, resolu\u00e7\u00e3o e op\u00e7\u00f5es de conectividade, entre outras caracter\u00edsticas importantes.[\/vc_column_text][\/vc_column][vc_column width=&#8221;1\/3&#8243;][vc_single_image image=&#8221;5410&#8243; alignment=&#8221;center&#8221;][\/vc_column][\/vc_row][vc_row css_animation=&#8221;fadeIn&#8221; css=&#8221;.vc_custom_1500297257965{margin-bottom: 0px !important;}&#8221;][vc_column width=&#8221;2\/3&#8243;]<h3 class=\"vcex-module vcex-heading vcex-heading-bottom-border-w-color vc_custom_1502848669120\" style=\"font-family:&quot;Open Sans&quot;;font-weight:600;text-align:left;\"><span class=\"vcex-heading-inner clr\">Impressoras de Etiquetas<\/span><\/h3>[vc_column_text font_family=&#8221;Open Sans&#8221; font_size=&#8221;15&#8243;]A gama de impressoras de etiqueta \u00e9 composta pelas impressoras de alto desempenho e fiabilidade. Temos v\u00e1rios tipos e modelos, com diferentes larguras de impress\u00e3o m\u00e1xima, velocidade, resolu\u00e7\u00e3o e op\u00e7\u00f5es de conectividade, entre outras caracter\u00edsticas importantes.[\/vc_column_text][\/vc_column][vc_column width=&#8221;1\/3&#8243;][vc_single_image image=&#8221;5405&#8243; alignment=&#8221;center&#8221;][\/vc_column][\/vc_row][vc_row css_animation=&#8221;fadeIn&#8221;][vc_column width=&#8221;2\/3&#8243;]<h3 class=\"vcex-module vcex-heading vcex-heading-bottom-border-w-color vc_custom_1500296742138\" style=\"font-family:&quot;Open Sans&quot;;font-weight:600;text-align:left;\"><span class=\"vcex-heading-inner clr\">Impressoras N\u00e3o Fiscais<\/span><\/h3>[vc_column_text font_family=&#8221;Open Sans&#8221; font_size=&#8221;15&#8243;]Toda a linha de impressoras n\u00e3o fiscais, de variadas marcas e modelos, possibilitando a voc\u00ea fazer a escolha que mais se encaixa ao seu empreendimento. Proporciona alto desempenho e qualidade de impress\u00e3o, que resulta em uma maior agilidade no processo de atendimento ao cliente, aumentando sua produtividade e o seu lucro.[\/vc_column_text][\/vc_column][vc_column width=&#8221;1\/3&#8243;][vc_single_image image=&#8221;5598&#8243; alignment=&#8221;center&#8221;][\/vc_column][\/vc_row][vc_row][vc_column width=&#8221;2\/3&#8243;]<h3 class=\"vcex-module vcex-heading vcex-heading-bottom-border-w-color vc_custom_1502848735888\" style=\"font-family:&quot;Open Sans&quot;;font-weight:600;text-align:left;\"><span class=\"vcex-heading-inner clr\">Computadores e Notebooks<\/span><\/h3>[vc_column_text font_family=&#8221;Open Sans&#8221; font_size=&#8221;15&#8243;]A inform\u00e1tica vem se tornando parte cada vez mais importante de nossas vidas, tanto no ambiente de trabalho como na vida pessoal, a Shift Tecnologia conta hoje com corpo t\u00e9cnico com alto conhecimento na \u00e1rea de computa\u00e7\u00e3o e inform\u00e1tica, trazendo para voc\u00ea consumidor ou a sua empresa a melhor solu\u00e7\u00e3o, com produtos de qualidade e marcas l\u00edderes de mercado para melhor desempenho do seu computador ou notebook.[\/vc_column_text][\/vc_column][vc_column width=&#8221;1\/3&#8243;][vc_single_image image=&#8221;5407&#8243; alignment=&#8221;center&#8221;][\/vc_column][\/vc_row][vc_row css_animation=&#8221;fadeIn&#8221; css=&#8221;.vc_custom_1500297257965{margin-bottom: 0px !important;}&#8221;][vc_column width=&#8221;2\/3&#8243;]<h3 class=\"vcex-module vcex-heading vcex-heading-bottom-border-w-color vc_custom_1500296781322\" style=\"font-family:&quot;Open Sans&quot;;font-weight:600;text-align:left;\"><span class=\"vcex-heading-inner clr\">Coletores de Dados<\/span><\/h3>[vc_column_text font_family=&#8221;Open Sans&#8221; font_size=&#8221;15&#8243;]Solu\u00e7\u00f5es que trazem efici\u00eancia para suas opera\u00e7\u00f5es automatizando o registro de dados de forma simples e pr\u00e1tica, tanto na programa\u00e7\u00e3o como em sua utiliza\u00e7\u00e3o. Maior desempenho para as suas tarefas trazendo assertividade e conforto para a coleta de c\u00f3digos de barras, possibilitando a realiza\u00e7\u00e3o de tarefas com muito mais efici\u00eancia.[\/vc_column_text][\/vc_column][vc_column width=&#8221;1\/3&#8243;][vc_single_image image=&#8221;5395&#8243; alignment=&#8221;center&#8221;][\/vc_column][\/vc_row][vc_row][vc_column width=&#8221;2\/3&#8243;]<h3 class=\"vcex-module vcex-heading vcex-heading-bottom-border-w-color vc_custom_1500297087070\" style=\"font-family:&quot;Open Sans&quot;;font-weight:600;text-align:left;\"><span class=\"vcex-heading-inner clr\">Leitores de C\u00f3digo de Barra<\/span><\/h3>[vc_column_text font_family=&#8221;Open Sans&#8221; font_size=&#8221;15&#8243;]Os Leitores de C\u00f3digo de Barras trazem agilidade e precis\u00e3o na captura de dados. Com isso, o operador perde menos tempo e o volume de vendas \u00e9 maior. Leitores fixos e moveis de alta velocidade e estabilidade de leitura, que otimiza procedimentos de grande volume de mercadorias.[\/vc_column_text][\/vc_column][vc_column width=&#8221;1\/3&#8243;][vc_single_image image=&#8221;5408&#8243; alignment=&#8221;center&#8221;][\/vc_column][\/vc_row][vc_row css_animation=&#8221;fadeIn&#8221; css=&#8221;.vc_custom_1500297272851{margin-top: 0px !important;}&#8221;][vc_column width=&#8221;2\/3&#8243;]<h3 class=\"vcex-module vcex-heading vcex-heading-bottom-border-w-color vc_custom_1500297196940\" style=\"font-family:&quot;Open Sans&quot;;font-weight:600;text-align:left;\"><span class=\"vcex-heading-inner clr\">Suprimentos para Impress\u00e3o<\/span><\/h3>[vc_column_text font_family=&#8221;Open Sans&#8221; font_size=&#8221;15&#8243;]Toda linha de toners e cartuchos para todas as marcas e modelos de impressoras, originais e compat\u00edveis, al\u00e9m do servi\u00e7o de recarga com maquinas e t\u00e9cnicos especializados prontos para lhe oferecer a solu\u00e7\u00e3o mais vi\u00e1vel e econ\u00f4mica para sua impress\u00e3o.[\/vc_column_text][\/vc_column][vc_column width=&#8221;1\/3&#8243;][vc_single_image image=&#8221;5402&#8243; alignment=&#8221;center&#8221;][\/vc_column][\/vc_row]\n","protected":false},"excerpt":{"rendered":"<p>[vc_row 0=&#8221;&#8221;][vc_column 0=&#8221;&#8221;][\/vc_column][\/vc_row][vc_row][vc_column width=&#8221;2\/3&#8243;][vc_column_text font_family=&#8221;Open Sans&#8221; font_size=&#8221;15&#8243;]A gama de impressoras de etiqueta \u00e9 composta pelas impressoras de alto desempenho e fiabilidade. Temos v\u00e1rios tipos e modelos, com diferentes larguras de impress\u00e3o m\u00e1xima, velocidade, resolu\u00e7\u00e3o e op\u00e7\u00f5es de conectividade, entre outras&hellip;<\/p>\n","protected":false},"author":1,"featured_media":0,"parent":0,"menu_order":3,"comment_status":"closed","ping_status":"closed","template":"","meta":{"footnotes":""},"class_list":["post-9","page","type-page","status-publish","hentry","entry","no-media"],"_links":{"self":[{"href":"https:\/\/www.shift.inf.br\/v1\/wp-json\/wp\/v2\/pages\/9","targetHints":{"allow":["GET"]}}],"collection":[{"href":"https:\/\/www.shift.inf.br\/v1\/wp-json\/wp\/v2\/pages"}],"about":[{"href":"https:\/\/www.shift.inf.br\/v1\/wp-json\/wp\/v2\/types\/page"}],"author":[{"embeddable":true,"href":"https:\/\/www.shift.inf.br\/v1\/wp-json\/wp\/v2\/users\/1"}],"replies":[{"embeddable":true,"href":"https:\/\/www.shift.inf.br\/v1\/wp-json\/wp\/v2\/comments?post=9"}],"version-history":[{"count":61,"href":"https:\/\/www.shift.inf.br\/v1\/wp-json\/wp\/v2\/pages\/9\/revisions"}],"predecessor-version":[{"id":5599,"href":"https:\/\/www.shift.inf.br\/v1\/wp-json\/wp\/v2\/pages\/9\/revisions\/5599"}],"wp:attachment":[{"href":"https:\/\/www.shift.inf.br\/v1\/wp-json\/wp\/v2\/media?parent=9"}],"curies":[{"name":"wp","href":"https:\/\/api.w.org\/{rel}","templated":true}]}}